{"id":8440,"date":"2021-01-04T17:21:52","date_gmt":"2021-01-04T17:21:52","guid":{"rendered":"https:\/\/turkuazhairclinic.com\/?page_id=8440"},"modified":"2021-01-24T16:35:21","modified_gmt":"2021-01-24T16:35:21","slug":"kas-ekimi","status":"publish","type":"page","link":"https:\/\/turkuazhairclinic.com\/ar\/kas-ekimi\/","title":{"rendered":"\u0632\u0631\u0627\u0639\u0629 \u0627\u0644\u062d\u0627\u062c\u0628"},"content":{"rendered":"<div class=\"container\">\n<div class=\"row\">\n<div class=\"col-xl-6 col-lg-6 col-md-6 col-sm-12 col-12\">\n<div class=\"\">\n<p><b>Ka\u015f ekimi<\/b>\u00a0operasyonu uzman cerrahlar taraf\u0131ndan yap\u0131lmas\u0131 gereken, hassas ve g\u00f6r\u00fcn\u00fcr bir b\u00f6lgedir. Bu nedenle ka\u015f ekimlerinde genellikle FUE y\u00f6ntemi kullan\u0131larak, kad\u0131nlar\u0131n k\u0131l transferiyle operasyon yapt\u0131rmas\u0131n\u0131n \u00e7ok daha ba\u015far\u0131l\u0131 sonu\u00e7lar verece\u011fi bilinmektedir. Ka\u015f d\u00f6k\u00fclmelerine \u00e7\u00f6z\u00fcm olarak geli\u015ftirilmi\u015f olan FUE teknolojisi, ka\u015flar\u0131n\u0131z\u0131n do\u011fal g\u00f6r\u00fcn\u00fcm\u00fcne kavu\u015fmas\u0131n\u0131 sa\u011flayacak profesyonel bir y\u00f6ntem olabilmektedir.<\/p>\n<h3>KA\u015e EK\u0130M\u0130 FUE NED\u0130R?<\/h3>\n<p>Vitamin eksiklikleri, genetik nedenler ve yo\u011fun stres dolay\u0131s\u0131yla ka\u015f d\u00f6k\u00fclmeleri ger\u00e7ekle\u015febilmektedir. Bunlar\u0131n d\u0131\u015f\u0131nda ka\u015flar\u0131n daha sa\u011fl\u0131kl\u0131 g\u00f6r\u00fcnmesini isteyen kad\u0131nlar\u0131nda dahil olabilece\u011fi FUE operasyonu, erkeklere de yap\u0131lmaktad\u0131r.<\/p>\n<p><b>Ka\u015f ekimi<\/b>\u00a0operasyonunda FUE, kad\u0131nlar\u0131n genital b\u00f6lgelerinden k\u0131l al\u0131narak, ka\u015f b\u00f6lgesine 5 ile 10 derecelik a\u00e7\u0131larla yerle\u015ftirilmesi i\u015flemidir. Kolay ve h\u0131zl\u0131 bir y\u00f6ntem olan FUE an\u0131nda sonucun neler oldu\u011funu g\u00f6steren operasyonlar aras\u0131nda yer almaktad\u0131r.<\/p>\n<\/div>\n<\/div>\n<div class=\"col-xl-6 col-lg-6 col-md-6 col-sm-12 col-12\">\n<div class=\"mb30\">\n<div class=\"class-img\"><img class=\"img-fluid\" title=\"Ka\u015f Ekimi\" src=\"https:\/\/www.noktasacekimi.com\/images\/hizmetler\/kas-ekimi.jpg\" alt=\"Ka\u015f Ekimi\" \/><\/div>\n<\/div>\n<\/div>\n<\/div>\n<\/div>\n<div class=\"mt40\">\n<div class=\"container\">\n<div class=\"row\">\n<div class=\"col-xl-12 col-lg-12 col-md-12 col-sm-12 col-12\">\n<div class=\"section-title\">\n<h3>FUE Y\u00d6NTEM\u0130N\u0130N BA\u015eARISI<\/h3>\n<p>G\u00fcr sa\u00e7, sakal ve ka\u015flar i\u00e7in kullan\u0131lan FUE y\u00f6ntemi, % 96 oran\u0131nda sonu\u00e7 veren operasyonlar aras\u0131nda yer almaktad\u0131r. Ka\u015f ekimi operasyonlar\u0131nda ka\u015f\u0131n do\u011fal bir g\u00f6r\u00fcn\u00fcm kazanmas\u0131n\u0131 sa\u011flayan FUE ka\u015flar\u0131n k\u0131l k\u00f6klerine yap\u0131lan operasyonla sa\u011fl\u0131kl\u0131 bir g\u00f6r\u00fcn\u00fcm kazanmas\u0131n\u0131 sa\u011flayacak, son teknoloji y\u00f6ntemlerden biri olarak D\u00fcnya \u00e7ap\u0131ndan en \u00e7ok uygulanan operasyonlardan biri olmu\u015ftur.<\/p>\n<h3>KA\u015e EK\u0130M\u0130 S\u00dcRES\u0130<\/h3>\n<p>Sa\u00e7 ve sakal ekimlerine oranla daha az zamanda ger\u00e7ekle\u015fen\u00a0<a href=\"https:\/\/turkuazhairclinic.com\/ar\/kas-ekimi\/\"><b>ka\u015f ekimi<\/b><\/a>\u00a0operasyonlar\u0131 yakla\u015f\u0131k 3 ile 5 seans aras\u0131nda ger\u00e7ekle\u015fmektedir. Baz\u0131 durumlarda 1 seansa kadar d\u00fc\u015fe bilen ekim s\u00fcresi, ki\u015finin ka\u015f ve cilt yap\u0131s\u0131na g\u00f6re de\u011fi\u015fiklik g\u00f6sterebilmektedir.<\/p>\n<\/div>\n<\/div>\n<\/div>\n<\/div>\n<\/div>","protected":false},"excerpt":{"rendered":"<p>Ka\u015f ekimi\u00a0operasyonu uzman cerrahlar taraf\u0131ndan yap\u0131lmas\u0131 gereken, hassas ve g\u00f6r\u00fcn\u00fcr bir b\u00f6lgedir. Bu nedenle ka\u015f ekimlerinde genellikle FUE y\u00f6ntemi kullan\u0131larak, kad\u0131nlar\u0131n k\u0131l transferiyle operasyon yapt\u0131rmas\u0131n\u0131n \u00e7ok daha ba\u015far\u0131l\u0131 sonu\u00e7lar verece\u011fi bilinmektedir. Ka\u015f d\u00f6k\u00fclmelerine \u00e7\u00f6z\u00fcm olarak geli\u015ftirilmi\u015f olan FUE teknolojisi, ka\u015flar\u0131n\u0131z\u0131n do\u011fal g\u00f6r\u00fcn\u00fcm\u00fcne kavu\u015fmas\u0131n\u0131 sa\u011flayacak profesyonel bir y\u00f6ntem olabilmektedir. KA\u015e EK\u0130M\u0130 FUE NED\u0130R? Vitamin eksiklikleri, genetik [&hellip;]<\/p>","protected":false},"author":2,"featured_media":0,"parent":0,"menu_order":0,"comment_status":"closed","ping_status":"closed","template":"","meta":[],"_links":{"self":[{"href":"https:\/\/turkuazhairclinic.com\/ar\/wp-json\/wp\/v2\/pages\/8440"}],"collection":[{"href":"https:\/\/turkuazhairclinic.com\/ar\/wp-json\/wp\/v2\/pages"}],"about":[{"href":"https:\/\/turkuazhairclinic.com\/ar\/wp-json\/wp\/v2\/types\/page"}],"author":[{"embeddable":true,"href":"https:\/\/turkuazhairclinic.com\/ar\/wp-json\/wp\/v2\/users\/2"}],"replies":[{"embeddable":true,"href":"https:\/\/turkuazhairclinic.com\/ar\/wp-json\/wp\/v2\/comments?post=8440"}],"version-history":[{"count":1,"href":"https:\/\/turkuazhairclinic.com\/ar\/wp-json\/wp\/v2\/pages\/8440\/revisions"}],"predecessor-version":[{"id":8502,"href":"https:\/\/turkuazhairclinic.com\/ar\/wp-json\/wp\/v2\/pages\/8440\/revisions\/8502"}],"wp:attachment":[{"href":"https:\/\/turkuazhairclinic.com\/ar\/wp-json\/wp\/v2\/media?parent=8440"}],"curies":[{"name":"wp","href":"https:\/\/api.w.org\/{rel}","templated":true}]}}