{"id":8423,"date":"2021-01-04T10:22:01","date_gmt":"2021-01-04T10:22:01","guid":{"rendered":"https:\/\/turkuazhairclinic.com\/?page_id=8423"},"modified":"2021-01-04T10:41:50","modified_gmt":"2021-01-04T10:41:50","slug":"dhi-yontemi-ile-sac-ekimi","status":"publish","type":"page","link":"https:\/\/turkuazhairclinic.com\/en\/dhi-yontemi-ile-sac-ekimi\/","title":{"rendered":"DHI Sa\u00e7 Ekimi"},"content":{"rendered":"<header>\n<h1><span style=\"font-size: 16px;\">DHI y\u00f6ntemi ile sa\u00e7 ekimi nedir?<\/span><\/h1>\n<\/header>\n<article>DHI Sa\u00e7 Ekimi (Direct Hair Implantation) &#8220;Do\u011frudan Sa\u00e7 Ekimi&#8221; anlam\u0131na gelir. Bu y\u00f6ntemde sadece uzman ki\u015filer taraf\u0131ndan kullan\u0131lmas\u0131 gereken choi adl\u0131 medikal kalem sayesinde greftler toplan\u0131r, ard\u0131ndan yine bu kalem sayesinde al\u0131nan sa\u00e7lar cilde kesi, kanal a\u00e7\u0131lmadan direkt olarak yerle\u015ftirilir. Bilinen sa\u00e7 ekim y\u00f6ntemlerinde bu iki i\u015flem ayr\u0131 seferlerde yap\u0131l\u0131rken, kullan\u0131lan \u00f6zel kalem sayesinde i\u015flem teke d\u00fc\u015f\u00fcr\u00fclerek hastaya konfor ve kolayl\u0131k sa\u011flanm\u0131\u015f olur. K\u0131sacas\u0131 FUE denilen sa\u00e7 ekimi tekni\u011finde i\u015flem \u00fc\u00e7 a\u015famal\u0131 iken DHI\u2019 da iki a\u015famal\u0131d\u0131r. Uygulamadaki ama\u00e7; sa\u00e7 ekiminde kaliteyi art\u0131rmak, yo\u011fun g\u00f6r\u00fcnt\u00fcy\u00fc sa\u011flamak, mevcut sa\u00e7l\u0131 g\u00f6r\u00fcnt\u00fcy\u00fc koruyarak sa\u00e7\u0131 k\u0131saltmadan sa\u00e7 ekimi yapt\u0131ran ki\u015finin h\u0131zla g\u00fcnl\u00fck hayat\u0131na d\u00f6nmesini sa\u011flamakt\u0131r.<\/p>\n<p>&nbsp;<\/p>\n<h2>A\u015famalar\u0131 nelerdir?<\/h2>\n<p>Don\u00f6r b\u00f6lgeye lokal anestezi uygulanarak sa\u00e7 k\u00f6kleri rahatlat\u0131l\u0131r ve \u00f6zel kalem ile sa\u00e7 k\u00f6kleri toplan\u0131r. Ard\u0131ndan toplanan sa\u00e7 k\u00f6klerinin bu \u00f6zel cihaz sayesinde kafa derisine yerle\u015ftirilme i\u015flemine ba\u015flan\u0131r.<\/p>\n<p>Sa\u00e7 k\u00f6kleri \u00f6zel choi kalemi sayesinde kafa derisine yerle\u015ftirir. Bu kalem, \u00e7ok ince, sivri ancak \u00f6zel yap\u0131s\u0131 gere\u011fi i\u00e7ine sa\u00e7 k\u00f6k\u00fc yerle\u015ftirilebilecek bir uca sahiptir. Kafa derisine uygun a\u00e7\u0131yla bat\u0131r\u0131lan ince u\u00e7lu bu medikal kalem, arkas\u0131ndaki \u00f6zel b\u00f6lgeye bas\u0131ld\u0131\u011f\u0131nda i\u00e7erisindeki sa\u00e7 k\u00f6k\u00fcn\u00fc kafa derisine yerle\u015ftirmi\u015f olur.<\/p>\n<p>Sa\u011fl\u0131kl\u0131 dokulara zarar vermeden uygulanan bu y\u00f6ntem \u00e7ok daha s\u0131k ekimlere imkan tan\u0131mas\u0131 a\u00e7\u0131s\u0131ndan avantajl\u0131d\u0131r.<\/p>\n<p>Genelde bu y\u00f6ntemin tercih edilme sebebi; k\u00f6kler al\u0131nd\u0131ktan sonra bekletilmeden hemen yerle\u015ftirilmesidir. B\u00f6ylece tutma oran\u0131 ve greftlerin sa\u011fl\u0131kl\u0131 kalma ihtimali y\u00fckselir. Eskiden beri var olan bir teknik olmas\u0131na ra\u011fmen son zamanlarda y\u0131ld\u0131z\u0131 parlam\u0131\u015ft\u0131r.<\/p>\n<p>Yakla\u015f\u0131k 10-12 saat kadar s\u00fcren i\u015flemin tecr\u00fcbeli ki\u015filer taraf\u0131ndan yap\u0131lmas\u0131 son derece \u00f6nemlidir. Robotik sa\u00e7 cerrahisi ve Fue y\u00f6nteminde oldu\u011fu gibi i\u015flem sonras\u0131 birinci g\u00fcn kontrol yap\u0131l\u0131r. \u0130kinci g\u00fcn y\u0131kama ba\u015flar ve sekiz g\u00fcn boyunca devam eder.<\/p>\n<h2>Avantajlar\u0131 nelerdir?<\/h2>\n<ul>\n<li>Kanal a\u00e7ma ve sa\u00e7 k\u00f6k\u00fcn\u00fc yerine yerle\u015ftirme i\u015fleminin ayn\u0131 anda yap\u0131lmas\u0131, toplanan sa\u00e7 k\u00f6klerinin uzun s\u00fcre beklemeden yerine yerle\u015ftirilmesine imkan sa\u011flar.<\/li>\n<li>\u00c7ok daha s\u0131k ekim yap\u0131lmas\u0131na ve \u00e7ok daha do\u011fal g\u00f6r\u00fcn\u00fcmler elde etmeye olanak sa\u011flar.<\/li>\n<li>\u00d6zel aleti sayesinde sa\u00e7 ekimi esnas\u0131nda k\u00f6klerin bekleme s\u00fcresi azalt\u0131lm\u0131\u015f olur. B\u00f6ylece k\u00f6k kayb\u0131 riski en aza indirilir.<\/li>\n<li>Mevcut sa\u00e7lar hasar g\u00f6rmez. Sa\u00e7 d\u00f6k\u00fclmesi tamamlanmam\u0131\u015f hastalarda da uygulanabilen bir y\u00f6ntemdir.<\/li>\n<li>Hasta h\u0131zl\u0131 bir iyile\u015fme s\u00fcreci ya\u015far.<\/li>\n<\/ul>\n<\/article>","protected":false},"excerpt":{"rendered":"<p>DHI y\u00f6ntemi ile sa\u00e7 ekimi nedir? DHI Sa\u00e7 Ekimi (Direct Hair Implantation) &#8220;Do\u011frudan Sa\u00e7 Ekimi&#8221; anlam\u0131na gelir. Bu y\u00f6ntemde sadece uzman ki\u015filer taraf\u0131ndan kullan\u0131lmas\u0131 gereken choi adl\u0131 medikal kalem sayesinde greftler toplan\u0131r, ard\u0131ndan yine bu kalem sayesinde al\u0131nan sa\u00e7lar cilde kesi, kanal a\u00e7\u0131lmadan direkt olarak yerle\u015ftirilir. Bilinen sa\u00e7 ekim y\u00f6ntemlerinde bu iki i\u015flem ayr\u0131 seferlerde [&hellip;]<\/p>","protected":false},"author":2,"featured_media":0,"parent":0,"menu_order":0,"comment_status":"closed","ping_status":"closed","template":"","meta":[],"_links":{"self":[{"href":"https:\/\/turkuazhairclinic.com\/en\/wp-json\/wp\/v2\/pages\/8423"}],"collection":[{"href":"https:\/\/turkuazhairclinic.com\/en\/wp-json\/wp\/v2\/pages"}],"about":[{"href":"https:\/\/turkuazhairclinic.com\/en\/wp-json\/wp\/v2\/types\/page"}],"author":[{"embeddable":true,"href":"https:\/\/turkuazhairclinic.com\/en\/wp-json\/wp\/v2\/users\/2"}],"replies":[{"embeddable":true,"href":"https:\/\/turkuazhairclinic.com\/en\/wp-json\/wp\/v2\/comments?post=8423"}],"version-history":[{"count":0,"href":"https:\/\/turkuazhairclinic.com\/en\/wp-json\/wp\/v2\/pages\/8423\/revisions"}],"wp:attachment":[{"href":"https:\/\/turkuazhairclinic.com\/en\/wp-json\/wp\/v2\/media?parent=8423"}],"curies":[{"name":"wp","href":"https:\/\/api.w.org\/{rel}","templated":true}]}}