{"id":8433,"date":"2021-01-04T10:44:48","date_gmt":"2021-01-04T10:44:48","guid":{"rendered":"https:\/\/turkuazhairclinic.com\/?page_id=8433"},"modified":"2021-01-24T16:32:01","modified_gmt":"2021-01-24T16:32:01","slug":"tirassiz-sac-ekimi","status":"publish","type":"page","link":"https:\/\/turkuazhairclinic.com\/en\/tirassiz-sac-ekimi\/","title":{"rendered":"HAIR TRANSPLANTATION WITHOUT SHAVING"},"content":{"rendered":"<section id=\"medical\" class=\"sub-page article clearfix\">\n<div class=\"inner\">\n<div class=\"container_12\">\n<div class=\"grid_9\">\n<header>\n<h1><span style=\"font-size: 16px;\">Sosyal ya\u015famdan ve sevdiklerinizden kopmadan sa\u00e7 ekimi<\/span><\/h1>\n<\/header>\n<article>Hem erkeklerin hem de kad\u0131nlar\u0131n en \u00f6nemli, en do\u011fal aksesuar\u0131, sa\u00e7. Y\u00fcz\u00fcm\u00fcze ifade veren, duru\u015fumuzu ve havam\u0131z\u0131 de\u011fi\u015ftiren par\u00e7am\u0131z. Ancak genetik yap\u0131, sa\u011fl\u0131k problemleri, yo\u011fun stres, s\u0131k yap\u0131lan diyetler, vitamin eksikli\u011fi, hormonal ini\u015f \u00e7\u0131k\u0131\u015flar, kaza gibi etkenler, sa\u00e7 kayb\u0131 ya\u015fanmas\u0131na neden olabiliyor. Sa\u00e7\u0131n seyrekle\u015fmesi veya bir b\u00f6lgenin tamamen a\u00e7\u0131lmas\u0131 \u015feklinde g\u00f6r\u00fclen sa\u00e7 kayb\u0131, ki\u015filerin psikolojisini etkileyerek g\u00fcnl\u00fck ya\u015fam konforunu d\u00fc\u015f\u00fcr\u00fcyor. Sa\u00e7 kayb\u0131 ya\u015fayan erkekler ve \u00f6zellikle kad\u0131nlar bu nedenle \u00f6zg\u00fcvenini ve ya\u015fam motivasyonunu yitiriyor. \u0130\u015fte\u00a0<a href=\"https:\/\/turkuazhairclinic.com\/en\/tirassiz-sac-ekimi\/\"><b>t\u0131ra\u015fs\u0131z sa\u00e7 ekimi<\/b><\/a>\u00a0tekni\u011fi ki\u015fiyi; g\u00fcndelik ya\u015fam\u0131ndan ve sevdiklerinden ay\u0131rmadan, k\u0131sa s\u00fcrede sa\u011fl\u0131kl\u0131, do\u011fal ve g\u00fcr sa\u00e7lara kavu\u015fturuyor. T\u0131ra\u015fs\u0131z sa\u00e7 ekimi yapt\u0131ran ki\u015filer, \u00e7evresindeki insanlar fark etmeden i\u015f veya \u00f6zel ya\u015fam\u0131na kesintisiz olarak devam edebiliyor. Sa\u00e7 kayb\u0131 ya\u015fayan kad\u0131nlarda sa\u00e7 ekimi art\u0131k bu konforlu y\u00f6ntemle ger\u00e7ekle\u015ftiriliyor. Yapt\u0131rd\u0131\u011f\u0131 i\u015flemin gizli kalmas\u0131n\u0131 sa\u011flamak, imaj yenilemek ve bu s\u00fcreci g\u00fcndelik ya\u015famdan kopmadan ge\u00e7irmek isteyenler; \u00f6zellikle kad\u0131nlar ve i\u015f insanlar\u0131, t\u0131ra\u015fs\u0131z sa\u00e7 ekimi tekni\u011fi ile hayat kalitelerinden hi\u00e7bir \u015fey yitirmeden sa\u00e7 kayb\u0131 sorununu ge\u00e7mi\u015fte b\u0131rak\u0131yor.<\/p>\n<h2>T\u0131ra\u015fs\u0131z sa\u00e7 ekimi nas\u0131l yap\u0131l\u0131r?<\/h2>\n<p>T\u0131ra\u015fs\u0131z sa\u00e7 ekiminde, bug\u00fcn t\u00fcm d\u00fcnyada yayg\u0131n bir \u015fekilde kullan\u0131lan, olduk\u00e7a ba\u015far\u0131l\u0131 ve do\u011fal sonu\u00e7lar al\u0131nmas\u0131n\u0131 sa\u011flayan g\u00fcncel bir teknoloji olan\u00a0<a href=\"https:\/\/turkuazhairclinic.com\/en\/safir-fue-sac-ekimi-2\/\">safir FUE sa\u00e7 ekimi<\/a>\u00a0kullan\u0131l\u0131yor. Safir FUE sa\u00e7 ekimi tekni\u011finde don\u00f6r (ense b\u00f6lgesi) b\u00f6lgedeki sa\u00e7 k\u00f6kleri FUE tekni\u011fi ile toplan\u0131yor. Ekimin yap\u0131laca\u011f\u0131 b\u00f6lgeye ve seyrekle\u015fme g\u00f6zlenen alanlara kalem formundaki safir cevheri ile \u00e7ok k\u00fc\u00e7\u00fck, p\u00fcr\u00fczs\u00fcz mikro kanallar a\u00e7\u0131l\u0131yor. Toplanan k\u00f6kler bu kanallara tek tek, bir m\u00fccevher ustas\u0131 titizli\u011finde; sa\u00e7 k\u00f6klerinin yap\u0131s\u0131na ve do\u011fal \u00e7\u0131k\u0131\u015f y\u00f6n\u00fcne uygun bir \u015fekilde ekiliyor. T\u00fcm bu i\u015flemler ayn\u0131 g\u00fcn, 6-7 saat i\u00e7inde tamamlan\u0131yor.<\/p>\n<h2>K\u0131sa sa\u00e7l\u0131 erkek ve kad\u0131nlarda t\u0131ra\u015fs\u0131z sa\u00e7 ekimi<\/h2>\n<p>Sa\u00e7\u0131 yakla\u015f\u0131k 4 cm uzunlu\u011funda olan erkeklerde ve k\u0131sa olan kad\u0131nlarda ense b\u00f6lgesi birer parmak kal\u0131nl\u0131\u011f\u0131nda, yatay iki \u015ferit olacak \u015fekilde t\u0131ra\u015flan\u0131yor. \u00dcstteki uzun sa\u00e7lar t\u0131ra\u015fl\u0131 b\u00f6lgeyi kapatt\u0131\u011f\u0131 i\u00e7in i\u015flem yap\u0131ld\u0131\u011f\u0131 fark edilmiyor. T\u0131ra\u015f edilen b\u00f6lgeden FUE tekni\u011fi ile toplanan k\u0131l k\u00f6kleri, sa\u00e7 kayb\u0131 olu\u015fan b\u00f6lgeye ve seyrekle\u015fme g\u00f6r\u00fclen noktalara safir FUE sa\u00e7 ekimi tekni\u011fi kullan\u0131larak ekiliyor. Safir FUE tekni\u011finin bu denli ba\u015far\u0131l\u0131 sonu\u00e7lar vermesini sa\u011flayan kalem formundaki safir cevheri, \u00e7ok k\u00fc\u00e7\u00fck alanlara \u00e7ok k\u00fc\u00e7\u00fck ve s\u0131k kanal a\u00e7\u0131labilmesine imkan tan\u0131yor. Safir FUE sa\u00e7 ekimi sayesinde parmak ucu kadar alana yakla\u015f\u0131k 40 k\u00f6k ekilebiliyor. Sa\u00e7 kayb\u0131 ya\u015fayan erkekler hi\u00e7 kimse fark etmeden ve sosyal ya\u015famdan kopmadan, olduk\u00e7a konforlu bir \u015fekilde yapt\u0131rd\u0131\u011f\u0131 t\u0131ra\u015fs\u0131z sa\u00e7 ekimi ile 6-7 ay sonra do\u011fal, g\u00fcr ve sa\u011fl\u0131kl\u0131 sa\u00e7lara sahip olabiliyor.<\/p>\n<h2>Uzun sa\u00e7l\u0131 kad\u0131nlarda ve erkeklerde t\u0131ra\u015fs\u0131z sa\u00e7 ekimi<\/h2>\n<p>Kad\u0131nlar ve uzun sa\u00e7l\u0131 erkeklerin s\u0131k\u00e7a tercih etti\u011fi, uzun sa\u00e7lara sahip insanlar i\u00e7in olduk\u00e7a uygun bir y\u00f6ntem olan t\u0131ra\u015fs\u0131z sa\u00e7 ekiminde, don\u00f6r b\u00f6lge denilen ense k\u0131sm\u0131nda, pencere \u015feklinde k\u00fc\u00e7\u00fck bir alan t\u0131ra\u015f ediliyor. Sa\u00e7lar ense b\u00f6lgesini kapataca\u011f\u0131 i\u00e7in bu b\u00f6lgenin t\u0131ra\u015f edildi\u011fi fark edilmiyor. T\u0131ra\u015fl\u0131 alandan FUE tekni\u011fi ile toplanan k\u0131l k\u00f6kleri, sa\u00e7 kayb\u0131 ya\u015fanan b\u00f6lgeye ve seyrekle\u015fme g\u00f6r\u00fclen noktalara safir FUE sa\u00e7 ekimi tekni\u011fi kullan\u0131larak ekiliyor. T\u00fcm d\u00fcnyada yayg\u0131n olarak kullan\u0131lan safir FUE sa\u00e7 ekiminin bu denli ba\u015far\u0131l\u0131 sonu\u00e7lar vermesini sa\u011flayan kalem formundaki safir cevheri, dar alanlara \u00e7ok k\u00fc\u00e7\u00fck ve s\u0131k kanal a\u00e7\u0131labilmesine imkan tan\u0131yor. Safir FUE sa\u00e7 ekimi sayesinde parmak ucu kadar alana yakla\u015f\u0131k 40 k\u00f6k ekebilmek m\u00fcmk\u00fcn oluyor. Kad\u0131nlarda sa\u00e7 ekimi denilince ilk akla gelen y\u00f6ntem olan t\u0131ra\u015fs\u0131z sa\u00e7 ekimi teknolojisi, sa\u00e7 kayb\u0131 ya\u015fayan kad\u0131nlar\u0131 sosyal ya\u015famdan koparmadan 6-7 ay i\u00e7inde do\u011fal, g\u00fcr ve sa\u011fl\u0131kl\u0131 sa\u00e7lara kavu\u015fturuyor. Dolgun sa\u00e7lar, kad\u0131nlara hep hak ettikleri estetik g\u00f6r\u00fcn\u00fcm\u00fc, \u00f6zg\u00fcveni ve ya\u015fam motivasyonunu yeniden kazand\u0131r\u0131yor.<\/p>\n<p>T\u0131ra\u015fs\u0131z sa\u00e7 ekimi y\u00f6ntemi;\u00a0sedasyonlu sa\u00e7 ekimi\u00a0ve\u00a0y\u0131kamas\u0131z sa\u00e7 ekimi\u00a0gibi ya\u015fam konforunu ve memnuniyeti art\u0131ran y\u00f6ntemlerle kombine edilerek uygulanabiliyor.<\/p>\n<h2>T\u0131ra\u015fs\u0131z sa\u00e7 ekiminin faydalar\u0131<\/h2>\n<ul>\n<li>Sa\u00e7\u0131n t\u00fcm\u00fc de\u011fil de sadece ensedeki don\u00f6r b\u00f6lge t\u0131ra\u015f edildi\u011fi i\u00e7in ki\u015filerin, sa\u00e7lar\u0131n\u0131n uzamas\u0131n\u0131 beklemesine gerek kalm\u0131yor.<\/li>\n<li>Uygulamay\u0131 yapt\u0131ran ki\u015filer ayn\u0131 g\u00fcn hayat\u0131na kesintisiz olarak devam edebiliyor; b\u00f6ylelikle i\u015f ve sosyal ya\u015fam\u0131ndan geri kalm\u0131yor.<\/li>\n<li>Sa\u00e7 ekimi yap\u0131ld\u0131\u011f\u0131 fark edilmedi\u011fi i\u00e7in t\u00fcm s\u00fcre\u00e7 gizlilik i\u00e7inde tamamlan\u0131yor. B\u00f6ylelikle sa\u00e7 kayb\u0131 ya\u015fayanlar, \u00e7evresindekiler fark\u0131na varmadan sa\u011fl\u0131kl\u0131, do\u011fal ve g\u00fcr sa\u00e7lara sahip olabiliyor. T\u0131ra\u015fs\u0131z sa\u00e7 ekimi, \u00f6zellikle kad\u0131nlarda sa\u00e7 ekimi s\u00fcrecinin gizlilik i\u00e7inde ger\u00e7ekle\u015ftirilmesine imkan tan\u0131yor.<\/li>\n<\/ul>\n<\/article>\n<\/div>\n<\/div>\n<div class=\"bottomOffset\"><\/div>\n<\/div>\n<div id=\"fwi-text\" class=\"clearfix\">\n<div class=\"fwi-inner\">\n<p>&nbsp;<\/p>\n<div class=\"container-wrapper\">\n<div class=\"container\">\n<div class=\"tb\">\n<div class=\"td\">\n<div class=\"text wow animated slideInUp\" data-wow-duration=\"1s\">\n<h2><\/h2>\n<p>&nbsp;<\/p>\n<div class=\"btns\"><\/div>\n<\/div>\n<\/div>\n<\/div>\n<\/div>\n<\/div>\n<\/div>\n<\/div>\n<\/section>\n<footer id=\"footer\" class=\"clearfix\">\n<div class=\"top-bar\">\n<div class=\"container\">\n<div class=\"tabs\" data-type=\"hover\">\n<div class=\"tab-nav\"><\/div>\n<\/div>\n<\/div>\n<\/div>\n<\/footer>","protected":false},"excerpt":{"rendered":"<p>Sosyal ya\u015famdan ve sevdiklerinizden kopmadan sa\u00e7 ekimi Hem erkeklerin hem de kad\u0131nlar\u0131n en \u00f6nemli, en do\u011fal aksesuar\u0131, sa\u00e7. Y\u00fcz\u00fcm\u00fcze ifade veren, duru\u015fumuzu ve havam\u0131z\u0131 de\u011fi\u015ftiren par\u00e7am\u0131z. Ancak genetik yap\u0131, sa\u011fl\u0131k problemleri, yo\u011fun stres, s\u0131k yap\u0131lan diyetler, vitamin eksikli\u011fi, hormonal ini\u015f \u00e7\u0131k\u0131\u015flar, kaza gibi etkenler, sa\u00e7 kayb\u0131 ya\u015fanmas\u0131na neden olabiliyor. Sa\u00e7\u0131n seyrekle\u015fmesi veya bir b\u00f6lgenin tamamen [&hellip;]<\/p>","protected":false},"author":2,"featured_media":0,"parent":0,"menu_order":0,"comment_status":"closed","ping_status":"closed","template":"","meta":[],"_links":{"self":[{"href":"https:\/\/turkuazhairclinic.com\/en\/wp-json\/wp\/v2\/pages\/8433"}],"collection":[{"href":"https:\/\/turkuazhairclinic.com\/en\/wp-json\/wp\/v2\/pages"}],"about":[{"href":"https:\/\/turkuazhairclinic.com\/en\/wp-json\/wp\/v2\/types\/page"}],"author":[{"embeddable":true,"href":"https:\/\/turkuazhairclinic.com\/en\/wp-json\/wp\/v2\/users\/2"}],"replies":[{"embeddable":true,"href":"https:\/\/turkuazhairclinic.com\/en\/wp-json\/wp\/v2\/comments?post=8433"}],"version-history":[{"count":2,"href":"https:\/\/turkuazhairclinic.com\/en\/wp-json\/wp\/v2\/pages\/8433\/revisions"}],"predecessor-version":[{"id":8501,"href":"https:\/\/turkuazhairclinic.com\/en\/wp-json\/wp\/v2\/pages\/8433\/revisions\/8501"}],"wp:attachment":[{"href":"https:\/\/turkuazhairclinic.com\/en\/wp-json\/wp\/v2\/media?parent=8433"}],"curies":[{"name":"wp","href":"https:\/\/api.w.org\/{rel}","templated":true}]}}