{"id":8444,"date":"2021-01-04T17:25:06","date_gmt":"2021-01-04T17:25:06","guid":{"rendered":"https:\/\/turkuazhairclinic.com\/?page_id=8444"},"modified":"2021-01-24T16:20:56","modified_gmt":"2021-01-24T16:20:56","slug":"prp-tedavisi","status":"publish","type":"page","link":"https:\/\/turkuazhairclinic.com\/es\/prp-tedavisi\/","title":{"rendered":"TRATAMIENTO PRP"},"content":{"rendered":"<div class=\"container\">\n<div class=\"row\">\n<div class=\"col-xl-6 col-lg-6 col-md-6 col-sm-12 col-12\">\n<div class=\"\">\n<p>Sa\u00e7lar\u0131n\u0131z\u0131n eski ve sa\u011fl\u0131kl\u0131 g\u00f6r\u00fcn\u00fcm\u00fcne kavu\u015fmas\u0131n\u0131 sa\u011flayan\u00a0<b><a href=\"https:\/\/turkuazhairclinic.com\/es\/prp-tedavisi\/\">PRP Tedavisi<\/a>,<\/b>\u00a0bir k\u00f6k h\u00fccre nakil operasyonudur. Sa\u00e7 uzmanlar\u0131 taraf\u0131ndan geli\u015ftirilmi\u015f olan bu teknoloji seyrek ve d\u00f6k\u00fclm\u00fc\u015f sa\u00e7lar\u0131n onar\u0131m\u0131n\u0131 ve g\u00fc\u00e7lenmesini sa\u011flayacak tedavi y\u00f6ntemleri aras\u0131nda yer almaktad\u0131r. Sa\u011fl\u0131kl\u0131 ve kolay bir y\u00f6ntem olan PRP ile siz de sa\u00e7lar\u0131n\u0131z\u0131n eski g\u00f6r\u00fcn\u00fcm\u00fcne d\u00f6nmesini sa\u011flayabilirsiniz.<\/p>\n<h3>PRP TEDAV\u0130S\u0130 NED\u0130R?<\/h3>\n<p>K\u00f6k h\u00fccre tedavisi olarak t\u0131bbi literat\u00fcrde yerini alm\u0131\u015f olan\u00a0<b>PRP Tedavisi,<\/b>\u00a0hastan\u0131n sa\u00e7 b\u00f6lgesindeki seyrelmelere neden olan \u00f6l\u00fc h\u00fccrelerin yenilenmesini sa\u011flayan bir operasyondur. Sa\u00e7 uzmanlar\u0131 ve cerrahlar\u0131 taraf\u0131ndan ger\u00e7ekle\u015ftirilen bu operasyon, hastan\u0131n v\u00fccudundan k\u00f6k h\u00fccrelerin al\u0131nmas\u0131 ve daha sonra sa\u00e7 b\u00f6lgesine nakil edilmesi i\u015flemidir. \u00d6l\u00fc h\u00fccrelerin saf d\u0131\u015f\u0131 kalarak, yeni ve sa\u011fl\u0131kl\u0131 sa\u00e7 h\u00fccrelerinin olu\u015fturulmas\u0131 sa\u011flan\u0131r.<\/p>\n<\/div>\n<\/div>\n<div class=\"col-xl-6 col-lg-6 col-md-6 col-sm-12 col-12\">\n<div class=\"mb30\">\n<div class=\"class-img\"><img class=\"img-fluid\" title=\"PRP Terapisi\" src=\"https:\/\/www.noktasacekimi.com\/images\/hizmetler\/prp-tedavisi.jpg\" alt=\"PRP Terapisi\" \/><\/div>\n<\/div>\n<\/div>\n<\/div>\n<\/div>\n<div class=\"mt40\">\n<div class=\"container\">\n<div class=\"row\">\n<div class=\"col-xl-12 col-lg-12 col-md-12 col-sm-12 col-12\">\n<div class=\"section-title\">\n<h3>PRP TEDAV\u0130S\u0130 NASIL UYGULANIR<\/h3>\n<p>Cilt gen\u00e7le\u015ftirme operasyonu olarak da bilen\u00a0<b>PRP tedavisi,<\/b>\u00a0Platelet Rich Plasma Platelet operasyonu olarak ge\u00e7mektedir. A\u00e7\u0131l\u0131m\u0131 trombosit p\u0131ht\u0131 h\u00fccresi ve yenilenmi\u015f plazma olarak t\u0131bbi litaret\u00fcrde yer alm\u0131\u015ft\u0131r. V\u00fccudun sa\u011fl\u0131kl\u0131 k\u00f6k h\u00fccrelerinin oldu\u011fu yerlerden i\u011fne i\u015flemi\u015fle, h\u00fccrelerin al\u0131nmas\u0131 ve kafa k\u0131sm\u0131ndaki hasarl\u0131 b\u00f6lgelere nakil edilmesi sonucu i\u015flem ba\u015far\u0131yla ger\u00e7ekle\u015fir.<\/p>\n<h3>PRP SA\u00c7 TEDAV\u0130S\u0130 NE KADAR S\u00dcRER?<\/h3>\n<p>Sa\u00e7 ekimi seanslar\u0131 aras\u0131nda en k\u0131sa seanslardan birine sahip olan PRP, 3 ile 6 hafta s\u00fcren 4-6 seanstan olu\u015fmaktad\u0131r. Yakla\u015f\u0131k 20 dakika s\u00fcren PRP uygulama, hastan\u0131n cilt yap\u0131s\u0131na g\u00f6re uzunluk ya da k\u0131sal\u0131k g\u00f6sterebilmektedir.<\/p>\n<\/div>\n<\/div>\n<\/div>\n<\/div>\n<\/div>","protected":false},"excerpt":{"rendered":"<p>Sa\u00e7lar\u0131n\u0131z\u0131n eski ve sa\u011fl\u0131kl\u0131 g\u00f6r\u00fcn\u00fcm\u00fcne kavu\u015fmas\u0131n\u0131 sa\u011flayan\u00a0PRP Tedavisi,\u00a0bir k\u00f6k h\u00fccre nakil operasyonudur. Sa\u00e7 uzmanlar\u0131 taraf\u0131ndan geli\u015ftirilmi\u015f olan bu teknoloji seyrek ve d\u00f6k\u00fclm\u00fc\u015f sa\u00e7lar\u0131n onar\u0131m\u0131n\u0131 ve g\u00fc\u00e7lenmesini sa\u011flayacak tedavi y\u00f6ntemleri aras\u0131nda yer almaktad\u0131r. Sa\u011fl\u0131kl\u0131 ve kolay bir y\u00f6ntem olan PRP ile siz de sa\u00e7lar\u0131n\u0131z\u0131n eski g\u00f6r\u00fcn\u00fcm\u00fcne d\u00f6nmesini sa\u011flayabilirsiniz. PRP TEDAV\u0130S\u0130 NED\u0130R? K\u00f6k h\u00fccre tedavisi olarak t\u0131bbi [&hellip;]<\/p>","protected":false},"author":2,"featured_media":0,"parent":0,"menu_order":0,"comment_status":"closed","ping_status":"closed","template":"","meta":[],"_links":{"self":[{"href":"https:\/\/turkuazhairclinic.com\/es\/wp-json\/wp\/v2\/pages\/8444"}],"collection":[{"href":"https:\/\/turkuazhairclinic.com\/es\/wp-json\/wp\/v2\/pages"}],"about":[{"href":"https:\/\/turkuazhairclinic.com\/es\/wp-json\/wp\/v2\/types\/page"}],"author":[{"embeddable":true,"href":"https:\/\/turkuazhairclinic.com\/es\/wp-json\/wp\/v2\/users\/2"}],"replies":[{"embeddable":true,"href":"https:\/\/turkuazhairclinic.com\/es\/wp-json\/wp\/v2\/comments?post=8444"}],"version-history":[{"count":1,"href":"https:\/\/turkuazhairclinic.com\/es\/wp-json\/wp\/v2\/pages\/8444\/revisions"}],"predecessor-version":[{"id":8497,"href":"https:\/\/turkuazhairclinic.com\/es\/wp-json\/wp\/v2\/pages\/8444\/revisions\/8497"}],"wp:attachment":[{"href":"https:\/\/turkuazhairclinic.com\/es\/wp-json\/wp\/v2\/media?parent=8444"}],"curies":[{"name":"wp","href":"https:\/\/api.w.org\/{rel}","templated":true}]}}