{"id":8423,"date":"2021-01-04T10:22:01","date_gmt":"2021-01-04T10:22:01","guid":{"rendered":"https:\/\/turkuazhairclinic.com\/?page_id=8423"},"modified":"2021-01-04T10:41:50","modified_gmt":"2021-01-04T10:41:50","slug":"dhi-yontemi-ile-sac-ekimi","status":"publish","type":"page","link":"https:\/\/turkuazhairclinic.com\/it\/dhi-yontemi-ile-sac-ekimi\/","title":{"rendered":"Trapianto di capelli DHI"},"content":{"rendered":"<header>\n<h1><span style=\"font-size: 16px;\">In cosa consiste il trapianto di capelli con il metodo DHI?<\/span><\/h1>\n<\/header>\n<article>Il trapianto di capelli DHI (Direct Hair Implantation) significa &quot;Trapianto di Capelli Diretto&quot;. In questo metodo, gli innesti vengono prelevati con una penna medica chiamata choi, che dovrebbe essere utilizzata solo da esperti, e i capelli prelevati con questa penna vengono poi posizionati direttamente sulla pelle senza incisioni o canali. Mentre nei metodi di trapianto di capelli noti queste due procedure vengono eseguite in sessioni separate, l&#39;utilizzo di una penna speciale riduce la procedura a una sola, offrendo comfort e praticit\u00e0 al paziente. In breve, mentre la procedura nella tecnica di trapianto di capelli chiamata FUE \u00e8 in tre fasi, nella DHI \u00e8 in due. L&#39;obiettivo \u00e8 quello di migliorare la qualit\u00e0 del trapianto di capelli, conferire un aspetto denso e garantire che la persona sottoposta al trapianto di capelli possa tornare rapidamente alla propria vita quotidiana senza accorciare i capelli, preservandone l&#39;aspetto originale.<\/p>\n<p>&nbsp;<\/p>\n<h2>Quali sono le fasi?<\/h2>\n<p>Applicando l&#39;anestesia locale alla zona donatrice, i follicoli piliferi vengono rilassati e prelevati con una penna speciale. Successivamente, inizia il processo di posizionamento dei follicoli piliferi prelevati sul cuoio capelluto con questo speciale dispositivo.<\/p>\n<p>Inserisce le radici dei capelli nel cuoio capelluto con l&#39;aiuto di una speciale penna choi. Questa penna ha una punta molto sottile e appuntita, ma ha una struttura speciale che permette di inserire la radice del capello al suo interno. Questa penna medica dalla punta sottile, che viene inserita nel cuoio capelluto con un&#39;angolazione adeguata, posiziona la radice del capello al suo interno nel cuoio capelluto quando si preme la speciale area retrostante.<\/p>\n<p>Questo metodo, che viene applicato senza danneggiare i tessuti sani, ha il vantaggio di consentire trapianti molto pi\u00f9 densi.<\/p>\n<p>Il motivo per cui questo metodo \u00e8 generalmente preferito \u00e8 che le radici vengono inserite subito dopo l&#39;asportazione, senza tempi di attesa. In questo modo, il tasso di ritenzione e la possibilit\u00e0 che gli innesti rimangano sani aumentano. Sebbene sia una tecnica che esiste da molto tempo, la sua popolarit\u00e0 \u00e8 cresciuta di recente.<\/p>\n<p>\u00c8 estremamente importante che la procedura, che dura circa 10-12 ore, venga eseguita da personale esperto. Come per la chirurgia robotica dei capelli e il metodo FUE, il primo giorno dopo l&#39;intervento viene eseguito un controllo. Il lavaggio inizia il secondo giorno e continua per otto giorni.<\/p>\n<h2>Quali sono i vantaggi?<\/h2>\n<ul>\n<li>Eseguendo contemporaneamente l&#39;apertura del canale e il posizionamento dei follicoli piliferi, i follicoli piliferi prelevati possono essere riposizionati al loro posto senza dover attendere a lungo.<\/li>\n<li>Permette trapianti molto pi\u00f9 densi e un aspetto pi\u00f9 naturale.<\/li>\n<li>Grazie al suo speciale strumento, il tempo di attesa per le radici durante il trapianto di capelli si riduce, riducendo al minimo il rischio di perdita delle radici.<\/li>\n<li>I capelli esistenti non vengono danneggiati. \u00c8 un metodo che pu\u00f2 essere applicato a pazienti la cui caduta dei capelli non \u00e8 ancora completa.<\/li>\n<li>Il paziente sperimenta un rapido processo di recupero.<\/li>\n<\/ul>\n<\/article>","protected":false},"excerpt":{"rendered":"<p>DHI y\u00f6ntemi ile sa\u00e7 ekimi nedir? DHI Sa\u00e7 Ekimi (Direct Hair Implantation) &#8220;Do\u011frudan Sa\u00e7 Ekimi&#8221; anlam\u0131na gelir. Bu y\u00f6ntemde sadece uzman ki\u015filer taraf\u0131ndan kullan\u0131lmas\u0131 gereken choi adl\u0131 medikal kalem sayesinde greftler toplan\u0131r, ard\u0131ndan yine bu kalem sayesinde al\u0131nan sa\u00e7lar cilde kesi, kanal a\u00e7\u0131lmadan direkt olarak yerle\u015ftirilir. Bilinen sa\u00e7 ekim y\u00f6ntemlerinde bu iki i\u015flem ayr\u0131 seferlerde [&hellip;]<\/p>","protected":false},"author":2,"featured_media":0,"parent":0,"menu_order":0,"comment_status":"closed","ping_status":"closed","template":"","meta":[],"_links":{"self":[{"href":"https:\/\/turkuazhairclinic.com\/it\/wp-json\/wp\/v2\/pages\/8423"}],"collection":[{"href":"https:\/\/turkuazhairclinic.com\/it\/wp-json\/wp\/v2\/pages"}],"about":[{"href":"https:\/\/turkuazhairclinic.com\/it\/wp-json\/wp\/v2\/types\/page"}],"author":[{"embeddable":true,"href":"https:\/\/turkuazhairclinic.com\/it\/wp-json\/wp\/v2\/users\/2"}],"replies":[{"embeddable":true,"href":"https:\/\/turkuazhairclinic.com\/it\/wp-json\/wp\/v2\/comments?post=8423"}],"version-history":[{"count":0,"href":"https:\/\/turkuazhairclinic.com\/it\/wp-json\/wp\/v2\/pages\/8423\/revisions"}],"wp:attachment":[{"href":"https:\/\/turkuazhairclinic.com\/it\/wp-json\/wp\/v2\/media?parent=8423"}],"curies":[{"name":"wp","href":"https:\/\/api.w.org\/{rel}","templated":true}]}}