{"id":8418,"date":"2021-01-04T10:15:02","date_gmt":"2021-01-04T10:15:02","guid":{"rendered":"https:\/\/turkuazhairclinic.com\/?page_id=8418"},"modified":"2021-01-24T16:27:49","modified_gmt":"2021-01-24T16:27:49","slug":"safir-fue-sac-ekimi-2","status":"publish","type":"page","link":"https:\/\/turkuazhairclinic.com\/ru\/safir-fue-sac-ekimi-2\/","title":{"rendered":"\u041f\u0415\u0420\u0415\u0421\u0410\u0414\u041a\u0410 \u0412\u041e\u041b\u041e\u0421 SAPPHIRE FUE"},"content":{"rendered":"<p>[vc_row css=&#8221;.vc_custom_1609755497091{margin-top: 50px !important;margin-bottom: 50px !important;}&#8221;][vc_column][vc_column_text]<\/p>\n<header>\n<h1>Safir FUE Sa\u00e7 Ekimi Nedir?<\/h1>\n<\/header>\n<article>Safir FUE sa\u00e7 ekimi (folik\u00fcler \u00fcnite ekstraksiyonu) g\u00fcn\u00fcm\u00fczde, bu alanda d\u00fcnya \u00fczerinde s\u0131k\u00e7a tercih edilen\u00a0FUE sa\u00e7 ekimi\u00a0tekni\u011finin kanal a\u00e7ma a\u015famas\u0131n\u0131n, olduk\u00e7a k\u0131ymetli bir cevher olan safirden \u00fcretilmi\u015f u\u00e7larla ger\u00e7ekle\u015ftirilmesidir.<\/p>\n<h2>Safir FUE sa\u00e7 ekimi nas\u0131l uygulan\u0131r?<\/h2>\n<p>Safir FUE sa\u00e7 ekimi tekni\u011finde sa\u00e7 k\u00f6kleri yine FUE tekni\u011fi kullan\u0131larak toplan\u0131yor. Ancak sa\u00e7 ekiminin yap\u0131laca\u011f\u0131 b\u00f6lgeye kanallar FUE y\u00f6ntemindeki gibi \u00e7elikle de\u011fil, kalem formundaki safir cevheri ile a\u00e7\u0131l\u0131yor. Safir u\u00e7lar ekimin yap\u0131laca\u011f\u0131 b\u00f6lgede \u00e7elikten \u00e7ok daha k\u00fc\u00e7\u00fck, p\u00fcr\u00fczs\u00fcz ve s\u0131k mikrokanallar a\u00e7\u0131lmas\u0131n\u0131 sa\u011fl\u0131yor. Kanallar\u0131n mikro d\u00fczeyde a\u00e7\u0131lmas\u0131 doku deformasyonunu en aza indirerek kabuklanmay\u0131 azalt\u0131yor. B\u00f6ylece uygulama sonras\u0131nda sa\u00e7 derisi h\u0131zl\u0131ca iyile\u015fiyor ve g\u00f6zle g\u00f6r\u00fcl\u00fcr hi\u00e7bir iz kalm\u0131yor. Safir FUE sa\u00e7 ekimi ile a\u00e7\u0131lan bu mikrokanallar ayr\u0131ca, sa\u00e7 k\u00f6klerinin s\u0131k ve do\u011fal \u00e7\u0131k\u0131\u015f y\u00f6n\u00fcne uygun bir \u015fekilde ekilmesine imkan tan\u0131yor. Bu teknik sayesinde sa\u00e7 kayb\u0131 ya\u015fayanlar, kendi sa\u00e7lar\u0131ndan ay\u0131rt edilemeyecek do\u011fall\u0131kta sa\u00e7lara sahip oluyor. <a href=\"https:\/\/turkuazhairclinic.com\/ru\/safir-fue-sac-ekimi-2\/\">Safir FUE sa\u00e7 ekimi,<\/a>\u00a0sedasyonlu sa\u00e7 ekimi\u00a0ve\u00a0<a href=\"https:\/\/turkuazhairclinic.com\/ru\/tirassiz-sac-ekimi\/\">t\u0131ra\u015fs\u0131z sa\u00e7 ekimi<\/a>\u00a0gibi konforu ve hasta memnuniyetini art\u0131ran di\u011fer y\u00f6ntemlerle de kombine edilerek uygulanabiliyor.<\/p>\n<h2>Safir FUE sa\u00e7 ekiminin avantajlar\u0131<\/h2>\n<ul>\n<li>Safir FUE sa\u00e7 ekiminde kullan\u0131lan g\u00fcncel teknoloji \u00fcr\u00fcn\u00fc safir u\u00e7lar, \u00e7elik u\u00e7lardan daha estetik ve sa\u011fl\u0131kl\u0131 sonu\u00e7lar al\u0131nmas\u0131n\u0131 sa\u011fl\u0131yor. Safir u\u00e7lu kalemle a\u00e7\u0131lan kanallar \u00e7ok daha k\u00fc\u00e7\u00fck ve p\u00fcr\u00fczs\u00fcz oldu\u011fu i\u00e7in bu y\u00f6ntemde, di\u011fer sa\u00e7 ekimi tekniklerine k\u0131yasla daha az doku tahribat\u0131 ya\u015fan\u0131yor. B\u00f6ylelikle uygulama sonras\u0131nda dokular g\u00f6zle g\u00f6r\u00fcl\u00fcr hi\u00e7bir iz kalmadan, h\u0131zl\u0131ca iyile\u015fiyor.<\/li>\n<li>\u00c7ok ince safir u\u00e7lu kalem, kanallar\u0131n, sa\u00e7 k\u00f6klerinin boyutuna ve a\u00e7\u0131s\u0131na uygun bir \u015fekilde a\u00e7\u0131lmas\u0131na imkan veriyor. B\u00f6ylelikle sa\u00e7 k\u00f6kleri kanallar\u0131n i\u00e7ine do\u011fal bir a\u00e7\u0131yla yerle\u015ftirilebiliyor. Bu ise hem ekilen sa\u00e7lar\u0131n sa\u00e7 derisine daha g\u00fc\u00e7l\u00fc tutunmas\u0131n\u0131 hem de olduk\u00e7a do\u011fal bir g\u00f6r\u00fcnt\u00fc elde edilmesini sa\u011fl\u0131yor.<\/li>\n<li>Safir FUE y\u00f6nteminde kullan\u0131lan safir u\u00e7lu kalem, sa\u00e7 k\u00f6k\u00fc boyutunda mikrokanallar a\u00e7\u0131lmas\u0131n\u0131 sa\u011fl\u0131yor. Bu ise sa\u00e7 ekiminin yap\u0131laca\u011f\u0131 b\u00f6lgeye daha s\u0131k aral\u0131klarla kanal a\u00e7\u0131labilmesi ve k\u00f6klerin birbirine daha yak\u0131n ekilebilmesine olanak tan\u0131yor. Safir FUE y\u00f6nteminde sa\u00e7 k\u00f6klerinin s\u0131k ekilmesiyle di\u011fer tekniklere k\u0131yasla \u00e7ok daha do\u011fal ve dolgun bir g\u00f6r\u00fcn\u00fcm elde ediliyor.<\/li>\n<\/ul>\n<h2>Safir Fue Y\u00f6ntemi<\/h2>\n<ul>\n<li>\u00c7elik slitler yerine ger\u00e7ek safirden \u00fcretilen u\u00e7lara sahip kalemler kullan\u0131l\u0131r<\/li>\n<li>\u0130yile\u015fme s\u00fcresi daha k\u0131sad\u0131r<\/li>\n<li>Daha az doku tahribat\u0131 ger\u00e7ekle\u015fir<\/li>\n<li>\u00c7ok daha s\u0131k bir sa\u00e7 ekimi yap\u0131labilmesine imkan sa\u011flar<\/li>\n<li>Ekim sonras\u0131 daha konforlu bir iyile\u015fme s\u00fcreci olur<\/li>\n<\/ul>\n<\/article>\n<p>[\/vc_column_text][\/vc_column][\/vc_row]<\/p>","protected":false},"excerpt":{"rendered":"<p>[vc_row css=&#8221;.vc_custom_1609755497091{margin-top: 50px !important;margin-bottom: 50px !important;}&#8221;][vc_column][vc_column_text] Safir FUE Sa\u00e7 Ekimi Nedir? Safir FUE sa\u00e7 ekimi (folik\u00fcler \u00fcnite ekstraksiyonu) g\u00fcn\u00fcm\u00fczde, bu alanda d\u00fcnya \u00fczerinde s\u0131k\u00e7a tercih edilen\u00a0FUE sa\u00e7 ekimi\u00a0tekni\u011finin kanal a\u00e7ma a\u015famas\u0131n\u0131n, olduk\u00e7a k\u0131ymetli bir cevher olan safirden \u00fcretilmi\u015f u\u00e7larla ger\u00e7ekle\u015ftirilmesidir. Safir FUE sa\u00e7 ekimi nas\u0131l uygulan\u0131r? Safir FUE sa\u00e7 ekimi tekni\u011finde sa\u00e7 k\u00f6kleri yine FUE [&hellip;]<\/p>","protected":false},"author":1,"featured_media":0,"parent":0,"menu_order":0,"comment_status":"closed","ping_status":"closed","template":"","meta":[],"_links":{"self":[{"href":"https:\/\/turkuazhairclinic.com\/ru\/wp-json\/wp\/v2\/pages\/8418"}],"collection":[{"href":"https:\/\/turkuazhairclinic.com\/ru\/wp-json\/wp\/v2\/pages"}],"about":[{"href":"https:\/\/turkuazhairclinic.com\/ru\/wp-json\/wp\/v2\/types\/page"}],"author":[{"embeddable":true,"href":"https:\/\/turkuazhairclinic.com\/ru\/wp-json\/wp\/v2\/users\/1"}],"replies":[{"embeddable":true,"href":"https:\/\/turkuazhairclinic.com\/ru\/wp-json\/wp\/v2\/comments?post=8418"}],"version-history":[{"count":1,"href":"https:\/\/turkuazhairclinic.com\/ru\/wp-json\/wp\/v2\/pages\/8418\/revisions"}],"predecessor-version":[{"id":8499,"href":"https:\/\/turkuazhairclinic.com\/ru\/wp-json\/wp\/v2\/pages\/8418\/revisions\/8499"}],"wp:attachment":[{"href":"https:\/\/turkuazhairclinic.com\/ru\/wp-json\/wp\/v2\/media?parent=8418"}],"curies":[{"name":"wp","href":"https:\/\/api.w.org\/{rel}","templated":true}]}}