{"id":8437,"date":"2021-01-04T17:17:41","date_gmt":"2021-01-04T17:17:41","guid":{"rendered":"https:\/\/turkuazhairclinic.com\/?page_id=8437"},"modified":"2021-01-24T16:22:37","modified_gmt":"2021-01-24T16:22:37","slug":"sakal-ekimi","status":"publish","type":"page","link":"https:\/\/turkuazhairclinic.com\/ru\/sakal-ekimi\/","title":{"rendered":"\u041f\u0415\u0420\u0415\u0421\u0410\u0414\u041a\u0410 \u0411\u041e\u0420\u041e\u0414\u042b"},"content":{"rendered":"<div class=\"container\">\n<div class=\"row\">\n<div class=\"col-xl-6 col-lg-6 col-md-6 col-sm-12 col-12\">\n<div class=\"\">\n<p><b>Sakal ekimi<\/b>\u00a0operasyonu ki\u015finin arzusuna g\u00f6re ger\u00e7ekle\u015febilmektedir. DHI ve kanal a\u00e7ma y\u00f6ntemlerinin yan\u0131 s\u0131ra Greftlerin y\u00f6ntemi de uygulayarak, sakal ve b\u0131y\u0131k ekibi yapmakta olan uzman cerrahlar\u0131m\u0131z sakallar\u0131n sa\u011fl\u0131kl\u0131 ve g\u00fcr g\u00f6r\u00fcn\u00fcm kazanmalar\u0131 sa\u011flayacak, y\u00fcz b\u00f6lgesindeki g\u00f6r\u00fcn\u00fcm\u00fcn estetik bir uyum i\u00e7erisinde olmas\u0131na \u00f6zen g\u00f6sterecektir.<\/p>\n<h3>SAKAL EK\u0130M\u0130 \u0130\u015eLEM\u0130 NED\u0130R?<\/h3>\n<p>Genetik nedenlerden ya da stres dolay\u0131s\u0131yla sakallar\u0131n seyrelmesi veya b\u00f6lge b\u00f6lge d\u00f6k\u00fclmesi durumlar\u0131nda\u00a0<a href=\"https:\/\/turkuazhairclinic.com\/ru\/sakal-ekimi\/\"><b>sakal ekimi<\/b><\/a>\u00a0operasyonu ger\u00e7ekle\u015ftirilmektedir. Sakaldan sakala ekim operasyonuyla ya da direkt kulak arkas\u0131ndaki sa\u00e7lar\u0131n sakal hizas\u0131na yerle\u015ftirilmesiyle yap\u0131lacak olan operasyon, k\u0131sa ve % 96 olumlu bir \u00e7\u00f6z\u00fcm olmaktad\u0131r.<\/p>\n<\/div>\n<\/div>\n<div class=\"col-xl-6 col-lg-6 col-md-6 col-sm-12 col-12\">\n<div class=\"mb30\">\n<div class=\"class-img\"><img class=\"img-fluid\" title=\"Sakal Ekimi\" src=\"https:\/\/www.noktasacekimi.com\/images\/hizmetler\/sakal-ekimi.jpg\" alt=\"Sakal Ekimi\" \/><\/div>\n<\/div>\n<\/div>\n<\/div>\n<\/div>\n<div class=\"mt40\">\n<div class=\"container\">\n<div class=\"row\">\n<div class=\"col-xl-12 col-lg-12 col-md-12 col-sm-12 col-12\">\n<div class=\"section-title\">\n<h3>SAKAL EK\u0130M \u0130\u015eLEM\u0130 NASIL GER\u00c7EKLE\u015e\u0130R?<\/h3>\n<p>DHI y\u00f6ntemiyle, sa\u00e7 k\u00f6klerinde yeni sa\u00e7lar\u0131n eklenmesi ya da greftlerin ile sakaldan sakala \u015feklinde ilerleyebilene ekim y\u00f6ntemleri vard\u0131r. K\u0131sa ve kesin \u00e7\u00f6z\u00fcm olarak genellikle greftlerin y\u00f6ntemi tercih edilmektedir. Bu y\u00f6ntemle sakal\u0131n g\u00fcr oldu\u011fu noktalardan h\u00fccreler, seyrek olan noktalara aktar\u0131lmaktad\u0131r.\u00a0<b>Sakal ekimi<\/b>\u00a0i\u015fleminde, sakal\u0131n y\u00f6n\u00fcne ve kal\u0131nl\u0131\u011f\u0131na g\u00f6re \u00e7ok daha uyumlu bir y\u00f6ntem olan greftlerin, g\u00fcr ve sa\u011fl\u0131kl\u0131 bir sakal g\u00f6r\u00fcn\u00fcm\u00fcne sahip olman\u0131z\u0131 sa\u011flayacakt\u0131r.<\/p>\n<h3>SAKAL EK\u0130M\u0130 \u0130\u015eLEM\u0130 S\u00dcRES\u0130<\/h3>\n<p>Greftler y\u00f6ntemiyle ger\u00e7ekle\u015fen ekimlerde, sakal\u0131n y\u00f6n\u00fcne do\u011fru teker teker ekim i\u015flemi ger\u00e7ekle\u015ftirilir. Cilt ve sakal yap\u0131n\u0131za g\u00f6re s\u00fcre de\u011fi\u015fkenlik g\u00f6stermektedir. Sa\u00e7tan ya da sakaldan al\u0131nan greftlere g\u00f6re de uygulama s\u00fcresi artar ya da azal\u0131r. \u0130\u015flem ger\u00e7ekle\u015ftikten sonraki g\u00fcn pansuman ger\u00e7ekle\u015ftirilmektedir.<\/p>\n<\/div>\n<\/div>\n<\/div>\n<\/div>\n<\/div>","protected":false},"excerpt":{"rendered":"<p>Sakal ekimi\u00a0operasyonu ki\u015finin arzusuna g\u00f6re ger\u00e7ekle\u015febilmektedir. DHI ve kanal a\u00e7ma y\u00f6ntemlerinin yan\u0131 s\u0131ra Greftlerin y\u00f6ntemi de uygulayarak, sakal ve b\u0131y\u0131k ekibi yapmakta olan uzman cerrahlar\u0131m\u0131z sakallar\u0131n sa\u011fl\u0131kl\u0131 ve g\u00fcr g\u00f6r\u00fcn\u00fcm kazanmalar\u0131 sa\u011flayacak, y\u00fcz b\u00f6lgesindeki g\u00f6r\u00fcn\u00fcm\u00fcn estetik bir uyum i\u00e7erisinde olmas\u0131na \u00f6zen g\u00f6sterecektir. SAKAL EK\u0130M\u0130 \u0130\u015eLEM\u0130 NED\u0130R? Genetik nedenlerden ya da stres dolay\u0131s\u0131yla sakallar\u0131n seyrelmesi veya [&hellip;]<\/p>","protected":false},"author":2,"featured_media":0,"parent":0,"menu_order":0,"comment_status":"closed","ping_status":"closed","template":"","meta":[],"_links":{"self":[{"href":"https:\/\/turkuazhairclinic.com\/ru\/wp-json\/wp\/v2\/pages\/8437"}],"collection":[{"href":"https:\/\/turkuazhairclinic.com\/ru\/wp-json\/wp\/v2\/pages"}],"about":[{"href":"https:\/\/turkuazhairclinic.com\/ru\/wp-json\/wp\/v2\/types\/page"}],"author":[{"embeddable":true,"href":"https:\/\/turkuazhairclinic.com\/ru\/wp-json\/wp\/v2\/users\/2"}],"replies":[{"embeddable":true,"href":"https:\/\/turkuazhairclinic.com\/ru\/wp-json\/wp\/v2\/comments?post=8437"}],"version-history":[{"count":1,"href":"https:\/\/turkuazhairclinic.com\/ru\/wp-json\/wp\/v2\/pages\/8437\/revisions"}],"predecessor-version":[{"id":8498,"href":"https:\/\/turkuazhairclinic.com\/ru\/wp-json\/wp\/v2\/pages\/8437\/revisions\/8498"}],"wp:attachment":[{"href":"https:\/\/turkuazhairclinic.com\/ru\/wp-json\/wp\/v2\/media?parent=8437"}],"curies":[{"name":"wp","href":"https:\/\/api.w.org\/{rel}","templated":true}]}}